{"id":785,"date":"2025-03-12T12:11:16","date_gmt":"2025-03-12T12:11:16","guid":{"rendered":"https:\/\/aviator-latam.com\/home\/"},"modified":"2026-04-21T08:06:41","modified_gmt":"2026-04-21T08:06:41","slug":"home","status":"publish","type":"page","link":"https:\/\/aviator-latam.com\/es-ar\/","title":{"rendered":"Home"},"content":{"rendered":"","protected":false},"excerpt":{"rendered":"","protected":false},"author":1,"featured_media":0,"parent":0,"menu_order":0,"comment_status":"closed","ping_status":"closed","template":"views\/page-home.php","meta":{"_sitemap_exclude":false,"_sitemap_priority":"","_sitemap_frequency":"","footnotes":""},"class_list":["post-785","page","type-page","status-publish","hentry"],"acf":[],"yoast_head":"<!-- This site is optimized with the Yoast SEO plugin v24.6 - https:\/\/yoast.com\/wordpress\/plugins\/seo\/ -->\n<title>Aviator Argentina \u2013 El Juego Crash M\u00e1s Emocionante del Momento<\/title>\n<meta name=\"description\" content=\"Prueba tu suerte en Aviator usando las funciones autom\u00e1ticas, limitando tu riesgo y optimizando tus ganancias. Todo desde tu computadora o tel\u00e9fono en Argentina.\" \/>\n<meta name=\"robots\" content=\"index, follow, max-snippet:-1, max-image-preview:large, max-video-preview:-1\" \/>\n<link rel=\"canonical\" href=\"https:\/\/aviator-latam.com\/es-ar\/\" \/>\n<meta property=\"og:locale\" content=\"es_ES\" \/>\n<meta property=\"og:type\" content=\"article\" \/>\n<meta property=\"og:url\" content=\"https:\/\/aviator-latam.com\/es-ar\/\" \/>\n<meta property=\"og:site_name\" content=\"Aviator-latam\" \/>\n<meta property=\"article:modified_time\" content=\"2026-04-21T08:06:41+00:00\" \/>\n<meta name=\"twitter:card\" content=\"summary_large_image\" \/>\n<script type=\"application\/ld+json\" class=\"yoast-schema-graph\">{\"@context\":\"https:\/\/schema.org\",\"@graph\":[{\"@type\":\"WebPage\",\"@id\":\"https:\/\/aviator-latam.com\/es-ar\/\",\"url\":\"https:\/\/aviator-latam.com\/es-ar\/\",\"name\":\"Aviator Argentina \u2013 El Juego Crash M\u00e1s Emocionante del Momento\",\"isPartOf\":{\"@id\":\"https:\/\/aviator-latam.com\/#website\"},\"datePublished\":\"2025-03-12T12:11:16+00:00\",\"dateModified\":\"2026-04-21T08:06:41+00:00\",\"description\":\"Prueba tu suerte en Aviator usando las funciones autom\u00e1ticas, limitando tu riesgo y optimizando tus ganancias. Todo desde tu computadora o tel\u00e9fono en Argentina.\",\"breadcrumb\":{\"@id\":\"https:\/\/aviator-latam.com\/es-ar\/#breadcrumb\"},\"inLanguage\":\"es-AR\",\"potentialAction\":[{\"@type\":\"ReadAction\",\"target\":[\"https:\/\/aviator-latam.com\/es-ar\/\"]}]},{\"@type\":\"BreadcrumbList\",\"@id\":\"https:\/\/aviator-latam.com\/es-ar\/#breadcrumb\",\"itemListElement\":[{\"@type\":\"ListItem\",\"position\":1,\"name\":\"Home\",\"item\":\"https:\/\/aviator-latam.com\/es-ar\/\"},{\"@type\":\"ListItem\",\"position\":2,\"name\":\"Home\"}]},{\"@type\":\"WebSite\",\"@id\":\"https:\/\/aviator-latam.com\/#website\",\"url\":\"https:\/\/aviator-latam.com\/\",\"name\":\"Aviator-latam\",\"description\":\"\",\"potentialAction\":[{\"@type\":\"SearchAction\",\"target\":{\"@type\":\"EntryPoint\",\"urlTemplate\":\"https:\/\/aviator-latam.com\/?s={search_term_string}\"},\"query-input\":{\"@type\":\"PropertyValueSpecification\",\"valueRequired\":true,\"valueName\":\"search_term_string\"}}],\"inLanguage\":\"es-AR\"}]}<\/script>\n<!-- \/ Yoast SEO plugin. -->","yoast_head_json":{"title":"Aviator Argentina \u2013 El Juego Crash M\u00e1s Emocionante del Momento","description":"Prueba tu suerte en Aviator usando las funciones autom\u00e1ticas, limitando tu riesgo y optimizando tus ganancias. Todo desde tu computadora o tel\u00e9fono en Argentina.","robots":{"index":"index","follow":"follow","max-snippet":"max-snippet:-1","max-image-preview":"max-image-preview:large","max-video-preview":"max-video-preview:-1"},"canonical":"https:\/\/aviator-latam.com\/es-ar\/","og_locale":"es_ES","og_type":"article","og_url":"https:\/\/aviator-latam.com\/es-ar\/","og_site_name":"Aviator-latam","article_modified_time":"2026-04-21T08:06:41+00:00","twitter_card":"summary_large_image","schema":{"@context":"https:\/\/schema.org","@graph":[{"@type":"WebPage","@id":"https:\/\/aviator-latam.com\/es-ar\/","url":"https:\/\/aviator-latam.com\/es-ar\/","name":"Aviator Argentina \u2013 El Juego Crash M\u00e1s Emocionante del Momento","isPartOf":{"@id":"https:\/\/aviator-latam.com\/#website"},"datePublished":"2025-03-12T12:11:16+00:00","dateModified":"2026-04-21T08:06:41+00:00","description":"Prueba tu suerte en Aviator usando las funciones autom\u00e1ticas, limitando tu riesgo y optimizando tus ganancias. Todo desde tu computadora o tel\u00e9fono en Argentina.","breadcrumb":{"@id":"https:\/\/aviator-latam.com\/es-ar\/#breadcrumb"},"inLanguage":"es-AR","potentialAction":[{"@type":"ReadAction","target":["https:\/\/aviator-latam.com\/es-ar\/"]}]},{"@type":"BreadcrumbList","@id":"https:\/\/aviator-latam.com\/es-ar\/#breadcrumb","itemListElement":[{"@type":"ListItem","position":1,"name":"Home","item":"https:\/\/aviator-latam.com\/es-ar\/"},{"@type":"ListItem","position":2,"name":"Home"}]},{"@type":"WebSite","@id":"https:\/\/aviator-latam.com\/#website","url":"https:\/\/aviator-latam.com\/","name":"Aviator-latam","description":"","potentialAction":[{"@type":"SearchAction","target":{"@type":"EntryPoint","urlTemplate":"https:\/\/aviator-latam.com\/?s={search_term_string}"},"query-input":{"@type":"PropertyValueSpecification","valueRequired":true,"valueName":"search_term_string"}}],"inLanguage":"es-AR"}]}},"_links":{"self":[{"href":"https:\/\/aviator-latam.com\/es-ar\/wp-json\/wp\/v2\/pages\/785"}],"collection":[{"href":"https:\/\/aviator-latam.com\/es-ar\/wp-json\/wp\/v2\/pages"}],"about":[{"href":"https:\/\/aviator-latam.com\/es-ar\/wp-json\/wp\/v2\/types\/page"}],"author":[{"embeddable":true,"href":"https:\/\/aviator-latam.com\/es-ar\/wp-json\/wp\/v2\/users\/1"}],"replies":[{"embeddable":true,"href":"https:\/\/aviator-latam.com\/es-ar\/wp-json\/wp\/v2\/comments?post=785"}],"version-history":[{"count":27,"href":"https:\/\/aviator-latam.com\/es-ar\/wp-json\/wp\/v2\/pages\/785\/revisions"}],"predecessor-version":[{"id":1266,"href":"https:\/\/aviator-latam.com\/es-ar\/wp-json\/wp\/v2\/pages\/785\/revisions\/1266"}],"wp:attachment":[{"href":"https:\/\/aviator-latam.com\/es-ar\/wp-json\/wp\/v2\/media?parent=785"}],"curies":[{"name":"wp","href":"https:\/\/api.w.org\/{rel}","templated":true}]}}